{"id":12009,"date":"2023-04-06T10:03:13","date_gmt":"2023-04-06T10:03:13","guid":{"rendered":"https:\/\/demure.eu\/lieferung\/"},"modified":"2025-10-02T09:50:07","modified_gmt":"2025-10-02T09:50:07","slug":"versandinformationen","status":"publish","type":"page","link":"https:\/\/demure.eu\/de\/versandinformationen\/","title":{"rendered":"Versandinformationen"},"content":{"rendered":"<p>Bei Demure sind wir bestrebt, Ihre Bestellungen so schnell und effizient wie m\u00f6glich zu liefern. Bitte \u00fcberpr\u00fcfen Sie unsere Versandbedingungen unten:<\/p>\n<p>**Versandorte und Lieferzeit**<br \/>\n&#8211; Aus Lettland: 4-7 Werktage (bitte beachten Sie, dass es zu Verz\u00f6gerungen kommen kann).<\/p>\n<p>**Versandkosten**<br \/>\n&#8211; Lieferung ab: 3,90 \u20ac.<\/p>\n<p>**Versanddienstleister**<\/p>\n<p>Wir arbeiten mit f\u00fchrenden Logistikunternehmen zusammen, um eine p\u00fcnktliche und sichere Lieferung Ihrer Bestellungen zu gew\u00e4hrleisten:<\/p>\n<p>&#8211; Deutsche Post<br \/>\n&#8211; Lettische Post<br \/>\n&#8211; DHL, DPD, FedEx, Venipak<\/p>\n<p>**Ben\u00f6tigen Sie Hilfe?**<\/p>\n<p>Bei Fragen oder Unterst\u00fctzung zu Ihrer Bestellung k\u00f6nnen Sie sich gerne an unseren Kundensupport wenden:<\/p>\n<p>&#8211; E-Mail: info@demure.eu<br \/>\n&#8211; Telefon: +371 28287259<\/p>\n<p>Wir bem\u00fchen uns, Ihnen die bestm\u00f6gliche Versandabwicklung zu bieten!<\/p>\n","protected":false},"excerpt":{"rendered":"<p>Bei Demure sind wir bestrebt, Ihre Bestellungen so schnell und effizient wie m\u00f6glich zu liefern. Bitte \u00fcberpr\u00fcfen Sie unsere Versandbedingungen unten: **Versandorte und Lieferzeit** &#8211; Aus Lettland: 4-7 Werktage (bitte beachten Sie, dass es zu Verz\u00f6gerungen kommen kann). **Versandkosten** &#8211; Lieferung ab: 3,90 \u20ac. **Versanddienstleister** Wir arbeiten mit f\u00fchrenden Logistikunternehmen zusammen, um eine p\u00fcnktliche und [&#8230;]\n","protected":false},"author":3,"featured_media":0,"parent":0,"menu_order":0,"comment_status":"closed","ping_status":"closed","template":"","meta":{"footnotes":""},"class_list":["post-12009","page","type-page","status-publish","hentry"],"jetpack_sharing_enabled":true,"_links":{"self":[{"href":"https:\/\/demure.eu\/de\/wp-json\/wp\/v2\/pages\/12009","targetHints":{"allow":["GET"]}}],"collection":[{"href":"https:\/\/demure.eu\/de\/wp-json\/wp\/v2\/pages"}],"about":[{"href":"https:\/\/demure.eu\/de\/wp-json\/wp\/v2\/types\/page"}],"author":[{"embeddable":true,"href":"https:\/\/demure.eu\/de\/wp-json\/wp\/v2\/users\/3"}],"replies":[{"embeddable":true,"href":"https:\/\/demure.eu\/de\/wp-json\/wp\/v2\/comments?post=12009"}],"version-history":[{"count":6,"href":"https:\/\/demure.eu\/de\/wp-json\/wp\/v2\/pages\/12009\/revisions"}],"predecessor-version":[{"id":12848,"href":"https:\/\/demure.eu\/de\/wp-json\/wp\/v2\/pages\/12009\/revisions\/12848"}],"wp:attachment":[{"href":"https:\/\/demure.eu\/de\/wp-json\/wp\/v2\/media?parent=12009"}],"curies":[{"name":"wp","href":"https:\/\/api.w.org\/{rel}","templated":true}]}}