{"id":12044,"date":"2023-04-07T05:38:27","date_gmt":"2023-04-07T05:38:27","guid":{"rendered":"https:\/\/demure.eu\/kontakt\/"},"modified":"2025-06-12T13:08:57","modified_gmt":"2025-06-12T13:08:57","slug":"kontakt","status":"publish","type":"page","link":"https:\/\/demure.eu\/de\/kontakt\/","title":{"rendered":"Kontakt"},"content":{"rendered":"<p><strong>Kontakt | SIA StuffSale (Ltd)<\/strong><\/p>\n<p>Wir sind immer hier, um Ihnen zu helfen! Wenn Sie Fragen oder Anfragen haben, z\u00f6gern Sie nicht, uns zu kontaktieren. Egal, ob Sie einzelne Produkte kaufen oder eine Gro\u00dfbestellung aufgeben, wir helfen Ihnen gerne weiter.<\/p>\n<p><strong>Unternehmensinformationen, Verantwortliche Person in der EU:<\/strong><\/p>\n<ul>\n<li><strong>Firmenname:<\/strong> SIA StuffSale (Ltd)<\/li>\n<li><strong>Registrierungsnummer:<\/strong> 40103696180<\/li>\n<li><strong>Adresse:<\/strong> K. Ulma\u0146a gatve 2, Riga, LV1004, Lettland<\/li>\n<\/ul>\n<p><strong>Kontaktieren Sie uns<\/strong><\/p>\n<ul>\n<li><strong>E-Mail:<\/strong> <a rel=\"noopener\">info@demure.eu<\/a><\/li>\n<li><strong>Telefon:<\/strong> +371 28287259<\/li>\n<li><strong>\u00d6ffnungszeiten:<\/strong> 10:00 &#8211; 17:00 an Werktagen<\/li>\n<\/ul>\n<p>F\u00fcr alle produkt- oder dienstleistungsbezogenen Anfragen k\u00f6nnen Sie sich gerne an uns wenden. Wir bem\u00fchen uns, alle Anfragen innerhalb von 24 Stunden zu beantworten.<\/p>\n<p><strong>Gro\u00dfbestellungen<\/strong> Sind Sie daran interessiert, Gro\u00dfbestellungen bei StuffSale LTD aufzugeben? Kontaktieren Sie unser Gro\u00dfhandelsteam direkt unter:<\/p>\n<ul>\n<li><strong>Gro\u00dfhandels-E-Mail:<\/strong> <a rel=\"noopener\">info@demure.eu<\/a><\/li>\n<\/ul>\n<p><strong>Standort<\/strong> Besuchen Sie uns in unserem Hauptb\u00fcro in Riga:<\/p>\n<p>K. Ulmana gatve 2, Riga, LV1004, Lettland<\/p>\n","protected":false},"excerpt":{"rendered":"<p>Kontakt | SIA StuffSale (Ltd) Wir sind immer hier, um Ihnen zu helfen! Wenn Sie Fragen oder Anfragen haben, z\u00f6gern Sie nicht, uns zu kontaktieren. Egal, ob Sie einzelne Produkte kaufen oder eine Gro\u00dfbestellung aufgeben, wir helfen Ihnen gerne weiter. Unternehmensinformationen, Verantwortliche Person in der EU: Firmenname: SIA StuffSale (Ltd) Registrierungsnummer: 40103696180 Adresse: K. Ulma\u0146a [&#8230;]\n","protected":false},"author":3,"featured_media":0,"parent":0,"menu_order":0,"comment_status":"closed","ping_status":"closed","template":"","meta":{"footnotes":""},"class_list":["post-12044","page","type-page","status-publish","hentry"],"jetpack_sharing_enabled":true,"_links":{"self":[{"href":"https:\/\/demure.eu\/de\/wp-json\/wp\/v2\/pages\/12044","targetHints":{"allow":["GET"]}}],"collection":[{"href":"https:\/\/demure.eu\/de\/wp-json\/wp\/v2\/pages"}],"about":[{"href":"https:\/\/demure.eu\/de\/wp-json\/wp\/v2\/types\/page"}],"author":[{"embeddable":true,"href":"https:\/\/demure.eu\/de\/wp-json\/wp\/v2\/users\/3"}],"replies":[{"embeddable":true,"href":"https:\/\/demure.eu\/de\/wp-json\/wp\/v2\/comments?post=12044"}],"version-history":[{"count":6,"href":"https:\/\/demure.eu\/de\/wp-json\/wp\/v2\/pages\/12044\/revisions"}],"predecessor-version":[{"id":12705,"href":"https:\/\/demure.eu\/de\/wp-json\/wp\/v2\/pages\/12044\/revisions\/12705"}],"wp:attachment":[{"href":"https:\/\/demure.eu\/de\/wp-json\/wp\/v2\/media?parent=12044"}],"curies":[{"name":"wp","href":"https:\/\/api.w.org\/{rel}","templated":true}]}}