{"id":12124,"date":"2023-04-13T04:56:30","date_gmt":"2023-04-13T04:56:30","guid":{"rendered":"https:\/\/demure.eu\/terms-and-conditions\/"},"modified":"2024-09-22T20:04:24","modified_gmt":"2024-09-22T20:04:24","slug":"allgemeine-geschaeftsbedingungen","status":"publish","type":"page","link":"https:\/\/demure.eu\/de\/allgemeine-geschaeftsbedingungen\/","title":{"rendered":"Allgemeine Gesch\u00e4ftsbedingungen"},"content":{"rendered":"<p>Willkommen bei Demure! ALLGEMEINE GESCH\u00c4FTSBEDINGUNGEN DES INTERNET-SHOPS<\/p>\n<p>Diese allgemeinen Gesch\u00e4ftsbedingungen umrei\u00dfen die Regeln und Vorschriften f\u00fcr die Nutzung der Website von StuffSale SIA, die unter demure.eu zu finden ist.<\/p>\n<p>Durch den Zugriff auf diese Website gehen wir davon aus, dass Sie diese Bedingungen akzeptieren. Fahren Sie nicht fort, Demure zu nutzen, wenn Sie nicht mit allen auf dieser Seite genannten Bedingungen einverstanden sind.<\/p>\n<p>Die folgende Terminologie gilt f\u00fcr diese Allgemeinen Gesch\u00e4ftsbedingungen, die Datenschutzerkl\u00e4rung und den Haftungsausschluss sowie alle Vereinbarungen: &#8220;Kunde&#8221;, &#8220;Sie&#8221; und &#8220;Ihr&#8221; bezieht sich auf Sie, die Person, die sich auf dieser Website anmeldet und den Bedingungen des Unternehmens entspricht. &#8220;Das Unternehmen&#8221;, &#8220;Wir&#8221;, &#8220;Uns&#8221; und &#8220;Unser&#8221; bezieht sich auf unser Unternehmen. &#8220;Partei&#8221;, &#8220;Parteien&#8221; oder &#8220;Wir&#8221; bezieht sich sowohl auf den Kunden als auch auf uns selbst. Alle Bedingungen beziehen sich auf das Angebot, die Annahme und die \u00dcberlegung der Zahlung, die erforderlich ist, um den Prozess unserer Unterst\u00fctzung des Kunden auf die am besten geeignete Weise durchzuf\u00fchren, um den ausdr\u00fccklichen Zweck zu erf\u00fcllen, die Bed\u00fcrfnisse des Kunden in Bezug auf die Bereitstellung der vom Unternehmen angegebenen Dienstleistungen zu erf\u00fcllen, in \u00dcbereinstimmung mit und vorbehaltlich des geltenden Rechts von Lettland. Jede Verwendung der oben genannten Terminologie oder anderer W\u00f6rter im Singular, Plural, mit Gro\u00dfschreibung und\/oder er\/sie oder sie, ist als austauschbar zu betrachten und daher als auf dasselbe verweisend.<\/p>\n<p>**Cookies**<\/p>\n<p>Wir verwenden Cookies. Durch den Zugriff auf Demure stimmen Sie der Verwendung von Cookies in \u00dcbereinstimmung mit der Datenschutzerkl\u00e4rung von StuffSale SIA zu.<\/p>\n<p>Die meisten interaktiven Websites verwenden Cookies, um die Benutzerdaten f\u00fcr jeden Besuch abzurufen. Cookies werden von unserer Website verwendet, um die Funktionalit\u00e4t bestimmter Bereiche zu erm\u00f6glichen und den Besuch auf unserer Website zu erleichtern. Einige unserer Partner\/werbenden Partner k\u00f6nnen ebenfalls Cookies verwenden.<\/p>\n<p>**Lizenz**<\/p>\n<p>Sofern nicht anders angegeben, besitzen StuffSale SIA und\/oder seine Lizenzgeber die geistigen Eigentumsrechte f\u00fcr das gesamte Material auf Demure. Alle geistigen Eigentumsrechte sind vorbehalten. Sie d\u00fcrfen auf Demure f\u00fcr Ihren eigenen pers\u00f6nlichen Gebrauch zugreifen, unter Einhaltung der in diesen allgemeinen Gesch\u00e4ftsbedingungen festgelegten Einschr\u00e4nkungen.<\/p>\n<p>Sie d\u00fcrfen nicht:<br \/>\n&#8211; Material von Demure.eu erneut ver\u00f6ffentlichen<br \/>\n&#8211; Material von Demure.eu verkaufen, vermieten oder unterlizenzieren<br \/>\n&#8211; Material von Demure.eu vervielf\u00e4ltigen, duplizieren oder kopieren<br \/>\n&#8211; Inhalte von Demure.eu weiterverbreiten<\/p>\n<p>Einige Bereiche dieser Website bieten Nutzern die M\u00f6glichkeit, Meinungen und Informationen in bestimmten Bereichen der Website zu posten und auszutauschen. StuffSale SIA filtert, bearbeitet, ver\u00f6ffentlicht oder \u00fcberpr\u00fcft Kommentare nicht, bevor sie auf der Website erscheinen. Kommentare spiegeln nicht die Ansichten und Meinungen von StuffSale SIA, seinen Agenten und\/oder Partnern wider. Kommentare spiegeln die Ansichten und Meinungen der Person wider, die ihre Ansichten und Meinungen postet. StuffSale SIA haftet nicht f\u00fcr die Kommentare oder f\u00fcr Haftungen, Sch\u00e4den oder Aufwendungen, die durch die Nutzung und\/oder das Posten und\/oder das Erscheinen der Kommentare auf dieser Website verursacht und\/oder erlitten werden, soweit dies nach geltendem Recht zul\u00e4ssig ist.<\/p>\n<p>StuffSale SIA beh\u00e4lt sich das Recht vor, alle Kommentare zu \u00fcberwachen und Kommentare zu entfernen, die als unangemessen, beleidigend oder als Versto\u00df gegen diese Allgemeinen Gesch\u00e4ftsbedingungen angesehen werden k\u00f6nnen.<\/p>\n<p>Sie versichern und gew\u00e4hrleisten, dass:<br \/>\n&#8211; Sie berechtigt sind, die Kommentare auf unserer Website zu ver\u00f6ffentlichen und alle erforderlichen Lizenzen und Zustimmungen dazu haben;<br \/>\n&#8211; Die Kommentare keine Rechte an geistigem Eigentum verletzen, einschlie\u00dflich, aber nicht beschr\u00e4nkt auf Urheberrechte, Patente oder Marken Dritter;<br \/>\n&#8211; Die Kommentare keine diffamierenden, verleumderischen, beleidigenden, unanst\u00e4ndigen oder anderweitig rechtswidrigen Materialien enthalten, die eine Verletzung der Privatsph\u00e4re darstellen;<br \/>\n&#8211; Die Kommentare nicht zur Aufforderung oder F\u00f6rderung von Gesch\u00e4ften, Br\u00e4uchen, kommerziellen Aktivit\u00e4ten oder rechtswidrigen Handlungen verwendet werden.<\/p>\n<p>Sie gew\u00e4hren StuffSale SIA hiermit eine nicht-exklusive Lizenz zur Nutzung, Vervielf\u00e4ltigung, Bearbeitung und Erm\u00e4chtigung anderer zur Nutzung, Vervielf\u00e4ltigung und Bearbeitung Ihrer Kommentare in jeglicher Form, in allen Formaten oder Medien.<\/p>\n<p>**Hyperlinks zu unseren Inhalten**<\/p>\n<p>Die folgenden Organisationen d\u00fcrfen ohne vorherige schriftliche Genehmigung auf unsere Website verlinken:<br \/>\n&#8211; Regierungsbeh\u00f6rden;<br \/>\n&#8211; Suchmaschinen;<br \/>\n&#8211; Nachrichtenorganisationen;<br \/>\n&#8211; Online-Verzeichnisanbieter, die auf unsere Website auf dieselbe Weise verlinken, wie sie auf die Websites anderer gelisteter Unternehmen verlinken; und<br \/>\n&#8211; Systemweit akkreditierte Unternehmen mit Ausnahme von gemeinn\u00fctzigen Organisationen, Wohlt\u00e4tigkeits-Shoppingmalls und Wohlt\u00e4tigkeitsgruppen zur Mittelbeschaffung, die nicht auf unsere Website verlinken d\u00fcrfen.<\/p>\n<p>Diese Organisationen d\u00fcrfen auf unsere Homepage, auf Ver\u00f6ffentlichungen oder auf andere Website-Informationen verlinken, solange der Link: (a) nicht in irgendeiner Weise irref\u00fchrend ist; (b) keine falsche Unterst\u00fctzung, Billigung oder Zustimmung der verlinkenden Partei und ihrer Produkte und\/oder Dienstleistungen suggeriert; und (c) in den Kontext der Website der verlinkenden Partei passt.<\/p>\n<p>Wir k\u00f6nnen und werden weitere Anfragen von folgenden Organisationen pr\u00fcfen und genehmigen:<br \/>\n&#8211; Verbraucherinformationsquellen;<br \/>\n&#8211; Community-Websites;<br \/>\n&#8211; Verb\u00e4nde oder andere Gruppen, die Wohlt\u00e4tigkeitsorganisationen vertreten;<br \/>\n&#8211; Online-Verzeichnisanbieter;<br \/>\n&#8211; Internetportale;<br \/>\n&#8211; Buchhaltungs-, Anwalts- und Beratungsfirmen; und<br \/>\n&#8211; Bildungseinrichtungen und Fachverb\u00e4nde.<\/p>\n<p>Wir werden Verlinkungsanfragen von diesen Organisationen genehmigen, wenn wir entscheiden, dass: (a) der Link uns oder unseren akkreditierten Unternehmen nicht negativ aussehen l\u00e4sst; (b) die Organisation keine negativen Aufzeichnungen bei uns hat; (c) der Nutzen f\u00fcr uns aus der Sichtbarkeit des Hyperlinks den fehlenden Nutzen f\u00fcr StuffSale SIA ausgleicht; und (d) der Link in den Kontext allgemeiner Ressourceninformationen passt.<\/p>\n<p>Diese Organisationen d\u00fcrfen auf unsere Homepage verlinken, solange der Link: (a) nicht in irgendeiner Weise irref\u00fchrend ist; (b) keine falsche Unterst\u00fctzung, Billigung oder Zustimmung der verlinkenden Partei und ihrer Produkte oder Dienstleistungen suggeriert; und (c) in den Kontext der Website der verlinkenden Partei passt.<\/p>\n<p>Wenn Sie eine der in Absatz 2 genannten Organisationen sind und an einem Link zu unserer Website interessiert sind, m\u00fcssen Sie uns eine E-Mail an StuffSale SIA info@demure.eu senden. Bitte geben Sie Ihren Namen, den Namen Ihrer Organisation, Ihre Kontaktdaten sowie die URL Ihrer Website, eine Liste der URLs, von denen aus Sie auf unsere Website verlinken m\u00f6chten, und eine Liste der URLs auf unserer Website, auf die Sie verlinken m\u00f6chten, an. Warten Sie 2-3 Wochen auf eine Antwort.<\/p>\n<p>Genehmigte Organisationen d\u00fcrfen auf unsere Website wie folgt verlinken:<br \/>\n&#8211; Durch die Verwendung unseres Firmennamens; oder<br \/>\n&#8211; Durch die Verwendung des einheitlichen Ressourcen-Locators, der mit dem Link verbunden ist; oder<br \/>\n&#8211; Durch die Verwendung einer anderen Beschreibung unserer Website, die im Kontext und Format des Inhalts auf der Website der verlinkenden Partei sinnvoll ist.<\/p>\n<p>Die Verwendung des Logos oder anderer Grafiken von StuffSale SIA zum Verlinken ist ohne eine Markenlizenzvereinbarung nicht gestattet.<\/p>\n<p>**iFrames**<\/p>\n<p>Ohne vorherige Genehmigung und schriftliche Erlaubnis d\u00fcrfen Sie keine Frames um unsere Webseiten erstellen, die in irgendeiner Weise die visuelle Darstellung oder das Erscheinungsbild unserer Website ver\u00e4ndern.<\/p>\n<p>**Inhaltehaftung**<\/p>\n<p>Wir \u00fcbernehmen keine Verantwortung f\u00fcr Inhalte, die auf Ihrer Website erscheinen. Sie stimmen zu, uns gegen alle Anspr\u00fcche zu verteidigen, die auf Ihrer Website entstehen. Auf keiner Website sollten Links erscheinen, die als verleumderisch, obsz\u00f6n oder kriminell interpretiert werden k\u00f6nnen oder die Rechte Dritter verletzen oder anderweitig verletzen oder deren Verletzung oder andere Verletzung bef\u00fcrworten.<\/p>\n<p>**Vorbehalt von Rechten**<\/p>\n<p>Wir behalten uns das Recht vor, Sie aufzufordern, alle Links oder einen bestimmten Link zu unserer Website zu entfernen. Sie stimmen zu, alle Links zu unserer Website auf Anfrage sofort zu entfernen. Wir behalten uns auch das Recht vor, diese allgemeinen Gesch\u00e4ftsbedingungen und die Verlinkungsrichtlinie jederzeit zu \u00e4ndern. Durch das fortgesetzte Verlinken auf unsere Website erkl\u00e4ren Sie sich damit einverstanden, an diese Verlinkungsbedingungen gebunden zu sein und diese zu befolgen.<\/p>\n<p>**Entfernung von Links von unserer Website**<\/p>\n<p>Wenn Sie einen Link auf unserer Website aus irgendeinem Grund als anst\u00f6\u00dfig empfinden, sind Sie frei, uns jederzeit zu kontaktieren und uns zu informieren. Wir werden Anfragen zur Entfernung von Links pr\u00fcfen, sind jedoch nicht verpflichtet, dies zu tun oder Ihnen direkt zu antworten.<\/p>\n<p>Wir gew\u00e4hrleisten nicht, dass die Informationen auf dieser Website korrekt sind, wir garantieren nicht ihre Vollst\u00e4ndigkeit oder Genauigkeit; wir versprechen auch nicht, sicherzustellen, dass die Website verf\u00fcgbar bleibt oder dass das Material auf der Website auf dem neuesten Stand gehalten wird.<\/p>\n<p>**Haftungsausschluss**<\/p>\n<p>Soweit gesetzlich zul\u00e4ssig, schlie\u00dfen wir alle Zusicherungen, Garantien und Bedingungen im Zusammenhang mit unserer Website und der Nutzung dieser Website aus. Nichts in diesem Haftungsausschluss wird:<br \/>\n&#8211; unsere oder Ihre Haftung f\u00fcr Tod oder K\u00f6rperverletzung einschr<\/p>\n","protected":false},"excerpt":{"rendered":"<p>Willkommen bei Demure! ALLGEMEINE GESCH\u00c4FTSBEDINGUNGEN DES INTERNET-SHOPS Diese allgemeinen Gesch\u00e4ftsbedingungen umrei\u00dfen die Regeln und Vorschriften f\u00fcr die Nutzung der Website von StuffSale SIA, die unter demure.eu zu finden ist. Durch den Zugriff auf diese Website gehen wir davon aus, dass Sie diese Bedingungen akzeptieren. Fahren Sie nicht fort, Demure zu nutzen, wenn Sie nicht mit [&#8230;]\n","protected":false},"author":3,"featured_media":0,"parent":0,"menu_order":0,"comment_status":"closed","ping_status":"closed","template":"","meta":{"footnotes":""},"class_list":["post-12124","page","type-page","status-publish","hentry"],"jetpack_sharing_enabled":true,"_links":{"self":[{"href":"https:\/\/demure.eu\/de\/wp-json\/wp\/v2\/pages\/12124","targetHints":{"allow":["GET"]}}],"collection":[{"href":"https:\/\/demure.eu\/de\/wp-json\/wp\/v2\/pages"}],"about":[{"href":"https:\/\/demure.eu\/de\/wp-json\/wp\/v2\/types\/page"}],"author":[{"embeddable":true,"href":"https:\/\/demure.eu\/de\/wp-json\/wp\/v2\/users\/3"}],"replies":[{"embeddable":true,"href":"https:\/\/demure.eu\/de\/wp-json\/wp\/v2\/comments?post=12124"}],"version-history":[{"count":4,"href":"https:\/\/demure.eu\/de\/wp-json\/wp\/v2\/pages\/12124\/revisions"}],"predecessor-version":[{"id":12432,"href":"https:\/\/demure.eu\/de\/wp-json\/wp\/v2\/pages\/12124\/revisions\/12432"}],"wp:attachment":[{"href":"https:\/\/demure.eu\/de\/wp-json\/wp\/v2\/media?parent=12124"}],"curies":[{"name":"wp","href":"https:\/\/api.w.org\/{rel}","templated":true}]}}