{"id":12426,"date":"2018-07-06T13:15:50","date_gmt":"2018-07-06T13:15:50","guid":{"rendered":"https:\/\/demure.eu\/?page_id=12426"},"modified":"2024-09-22T19:54:25","modified_gmt":"2024-09-22T19:54:25","slug":"datenschutzerklaerung","status":"publish","type":"page","link":"https:\/\/demure.eu\/de\/datenschutzerklaerung\/","title":{"rendered":"Datenschutzerkl\u00e4rung"},"content":{"rendered":"<p>**Datenschutzerkl\u00e4rung**<\/p>\n<p>*Zuletzt aktualisiert: 14. September 2024*<\/p>\n<p>Diese Datenschutzerkl\u00e4rung beschreibt unsere Richtlinien und Verfahren zur Erfassung, Nutzung und Offenlegung Ihrer Informationen, wenn Sie den Dienst nutzen. Sie informiert Sie auch \u00fcber Ihre Datenschutzrechte und wie das Gesetz Sie sch\u00fctzt.<\/p>\n<p>Wir verwenden Ihre personenbezogenen Daten, um den Dienst bereitzustellen und zu verbessern. Durch die Nutzung des Dienstes stimmen Sie der Erfassung und Nutzung von Informationen gem\u00e4\u00df dieser Datenschutzerkl\u00e4rung zu.<\/p>\n<p>**Auslegung und Definitionen**<\/p>\n<p>**Auslegung**<\/p>\n<p>Die W\u00f6rter, deren Anfangsbuchstaben gro\u00dfgeschrieben sind, haben die im Folgenden definierte Bedeutung. Diese Definitionen haben die gleiche Bedeutung, unabh\u00e4ngig davon, ob sie im Singular oder Plural erscheinen.<\/p>\n<p>**Definitionen**<br \/>\n&#8211; **Konto** bezeichnet ein einzigartiges Konto, das f\u00fcr Sie erstellt wurde, um auf unseren Dienst oder Teile unseres Dienstes zuzugreifen.<br \/>\n&#8211; **Partnerunternehmen** bedeutet jede Entit\u00e4t, die eine Partei kontrolliert, von ihr kontrolliert wird oder mit ihr unter gemeinsamer Kontrolle steht, wobei &#8220;Kontrolle&#8221; den Besitz von 50 % oder mehr der Anteile, des Eigenkapitals oder anderer stimmberechtigter Wertpapiere f\u00fcr die Wahl von Direktoren oder einer anderen leitenden Instanz bedeutet.<br \/>\n&#8211; **Unternehmen** (in dieser Vereinbarung entweder als &#8220;das Unternehmen&#8221;, &#8220;wir&#8221;, &#8220;uns&#8221; oder &#8220;unser&#8221; bezeichnet) bezieht sich auf StuffSale Ltd, Valdeku 62-100, Riga, LV-1058, Lettland.<br \/>\n&#8211; **Cookies** sind kleine Dateien, die auf Ihrem Computer, Mobilger\u00e4t oder einem anderen Ger\u00e4t von einer Website platziert werden und Informationen \u00fcber Ihren Browserverlauf auf dieser Website enthalten.<br \/>\n&#8211; **Land** bezieht sich auf Lettland.<br \/>\n&#8211; **Ger\u00e4t** bezeichnet jedes Ger\u00e4t, das auf den Dienst zugreifen kann, wie z. B. einen Computer, ein Mobiltelefon oder ein digitales Tablet.<br \/>\n&#8211; **Personenbezogene Daten** sind alle Informationen, die sich auf eine identifizierte oder identifizierbare Person beziehen.<br \/>\n&#8211; **Dienst** bezieht sich auf die Website www.demure.eu.<br \/>\n&#8211; **Dienstleister** bezeichnet Drittunternehmen oder Einzelpersonen, die vom Unternehmen beauftragt wurden, den Dienst zu erleichtern oder den Dienst im Auftrag des Unternehmens bereitzustellen.<br \/>\n&#8211; **Drittanbieter von sozialen Medien** bezeichnet jede Website oder jedes soziale Netzwerk, \u00fcber das ein Benutzer sich anmelden oder ein Konto erstellen kann, um den Dienst zu nutzen.<br \/>\n&#8211; **Nutzungsdaten** beziehen sich auf automatisch erfasste Daten, die durch die Nutzung des Dienstes oder von der Dienstinfrastruktur selbst generiert werden (zum Beispiel die Dauer eines Seitenbesuchs).<br \/>\n&#8211; **Sie** bezeichnet die Person, die auf den Dienst zugreift oder ihn nutzt, oder das Unternehmen oder eine andere juristische Person, in deren Namen diese Person auf den Dienst zugreift oder ihn nutzt, je nach Fall.<\/p>\n<p>**Erhebung und Nutzung Ihrer personenbezogenen Daten**<\/p>\n<p>**Arten der erhobenen Daten**<br \/>\n&#8211; **Personenbezogene Daten**<\/p>\n<p>W\u00e4hrend der Nutzung unseres Dienstes k\u00f6nnen wir Sie bitten, uns bestimmte personenbezogene Daten bereitzustellen, die dazu verwendet werden k\u00f6nnen, Sie zu kontaktieren oder zu identifizieren. Zu den personenbezogenen Daten geh\u00f6ren unter anderem:<br \/>\n&#8211; E-Mail-Adresse<br \/>\n&#8211; Vorname und Nachname<br \/>\n&#8211; Telefonnummer<br \/>\n&#8211; Adresse, Bundesland, Provinz, Postleitzahl, Stadt<br \/>\n&#8211; Informationen aus sozialen Medien (\u00fcber Login mit Facebook, Google, etc.)<br \/>\n&#8211; Nutzungsdaten<\/p>\n<p>**Nutzungsdaten**<\/p>\n<p>Nutzungsdaten werden automatisch erfasst, wenn Sie den Dienst nutzen. Sie k\u00f6nnen Informationen wie die IP-Adresse Ihres Ger\u00e4ts, den Browsertyp, die Browserversion, die Seiten unseres Dienstes, die Sie besuchen, das Datum und die Uhrzeit Ihres Besuchs, die auf diesen Seiten verbrachte Zeit und andere Diagnoseinformationen umfassen.<\/p>\n<p>Wenn Sie den Dienst \u00fcber ein mobiles Ger\u00e4t aufrufen, k\u00f6nnen wir Informationen erfassen, wie z. B. die Ger\u00e4te-ID, die IP-Adresse Ihres Ger\u00e4ts, das Betriebssystem des mobilen Ger\u00e4ts, den Browsertyp und eindeutige Ger\u00e4tekennungen.<\/p>\n<p>**Informationen von Drittanbietern sozialer Medien**<\/p>\n<p>Sie haben die M\u00f6glichkeit, sich \u00fcber bestehende Social-Media-Konten wie Google, Facebook, Instagram und andere zu registrieren oder anzumelden. Wenn Sie sich daf\u00fcr entscheiden, k\u00f6nnen wir bestimmte mit Ihrem Konto verbundene Daten erfassen, wie Ihren Namen, Ihre E-Mail-Adresse, Ihr Profilbild und andere personenbezogene Informationen, die \u00fcber diese Dienste verf\u00fcgbar sind.<\/p>\n<p>**Verfolgungstechnologien und Cookies**<\/p>\n<p>Wir verwenden Cookies und \u00e4hnliche Verfolgungstechnologien, um Aktivit\u00e4ten auf unserem Dienst zu verfolgen und bestimmte Informationen zu speichern. Zu diesen Technologien geh\u00f6ren Cookies, Web-Beacons, Tags und Skripte.<\/p>\n<p>Cookies k\u00f6nnen &#8220;dauerhafte&#8221; oder &#8220;Sitzungs&#8221;-Cookies sein. Dauerhafte Cookies bleiben auf Ihrem Ger\u00e4t, wenn Sie offline gehen, w\u00e4hrend Sitzungscookies gel\u00f6scht werden, sobald Sie Ihren Webbrowser schlie\u00dfen. Wir verwenden beide Arten f\u00fcr verschiedene Funktionen, einschlie\u00dflich:<br \/>\n&#8211; **Notwendige Cookies:** Um wesentliche Dienste bereitzustellen, wie z. B. das Einloggen in Ihr Konto.<br \/>\n&#8211; **Funktionale Cookies:** Um Ihre Pr\u00e4ferenzen zu speichern.<br \/>\n&#8211; **Analyse-Cookies:** Zur Analyse der Nutzung der Website (z. B. \u00fcber Google Analytics).<br \/>\n&#8211; **Werbe-Cookies:** F\u00fcr Werbezwecke (z. B. \u00fcber Google Ads).<\/p>\n<p>Weitere Informationen zu den von uns verwendeten Cookies finden Sie in unserer Cookie-Richtlinie.<\/p>\n<p>**Verwendung Ihrer personenbezogenen Daten**<\/p>\n<p>Wir verwenden Ihre personenbezogenen Daten zu folgenden Zwecken:<br \/>\n&#8211; Um unseren Dienst bereitzustellen und zu warten, einschlie\u00dflich der \u00dcberwachung der Nutzung des Dienstes.<br \/>\n&#8211; Um Ihr Konto zu verwalten: um Ihnen als registrierter Benutzer Zugang zu Funktionen zu gew\u00e4hren.<br \/>\n&#8211; Um Ihre K\u00e4ufe zu verarbeiten: um Ihre Bestellungen zu erf\u00fcllen und den Versand zu verwalten.<br \/>\n&#8211; Um Sie zu kontaktieren: per E-Mail, Telefon, SMS oder Push-Benachrichtigungen.<br \/>\n&#8211; Um Ihre Anfragen zu verwalten: wenn Sie uns \u00fcber unsere Support-Kan\u00e4le kontaktieren.<br \/>\n&#8211; F\u00fcr Marketingzwecke: um Ihnen Werbeangebote zu senden, es sei denn, Sie entscheiden sich dagegen.<br \/>\n&#8211; Zur Erf\u00fcllung gesetzlicher Pflichten: zur Einhaltung gesetzlicher Anforderungen, Steuerregulierungen und Betrugspr\u00e4vention.<\/p>\n<p>**Weitergabe Ihrer Daten**<\/p>\n<p>Wir k\u00f6nnen Ihre personenbezogenen Daten mit folgenden Parteien teilen:<br \/>\n&#8211; **Dienstleister:** Wie Zahlungsabwicklern (z. B. Maksekeskus AS, PayPal), Versanddienstleistern (z. B. DHL, Lettische Post) und Analysediensten (z. B. Google Analytics).<br \/>\n&#8211; **Gesch\u00e4ftspartner:** Zur Bereitstellung bestimmter Produkte, Dienstleistungen oder Werbeaktionen.<br \/>\n&#8211; **Soziale Medien:** Wenn Sie sich \u00fcber Drittanbieter wie Facebook oder Google anmelden, k\u00f6nnen wir relevante Daten mit diesen Plattformen teilen.<br \/>\n&#8211; **F\u00fcr rechtliche Zwecke:** In \u00dcbereinstimmung mit gesetzlichen Verpflichtungen oder als Reaktion auf beh\u00f6rdliche Anfragen.<\/p>\n<p>**Aufbewahrung Ihrer personenbezogenen Daten**<\/p>\n<p>Wir bewahren Ihre personenbezogenen Daten nur so lange auf, wie es f\u00fcr die in dieser Datenschutzerkl\u00e4rung dargelegten Zwecke erforderlich ist oder gesetzlich vorgeschrieben ist (z. B. f\u00fcr steuerliche oder rechtliche Berichterstattung).<\/p>\n<p>**Ihre Datenschutzrechte**<\/p>\n<p>Gem\u00e4\u00df der DSGVO haben Sie das Recht:<br \/>\n&#8211; Auf Ihre Daten zuzugreifen.<br \/>\n&#8211; Ihre Daten zu korrigieren oder zu l\u00f6schen.<br \/>\n&#8211; Die Verarbeitung einzuschr\u00e4nken oder ihr zu widersprechen.<br \/>\n&#8211; Ihre Daten zu portieren.<br \/>\n&#8211; Ihre Einwilligung zu widerrufen (f\u00fcr Marketingkommunikation).<\/p>\n<p>Um eines dieser Rechte auszu\u00fcben, kontaktieren Sie uns bitte unter info@demure.eu.<\/p>\n<p>**Daten\u00fcbertragungen**<\/p>\n<p>Ihre Informationen, einschlie\u00dflich personenbezogener Daten, k\u00f6nnen auf \u2013 und auf Computern au\u00dferhalb Ihres Landes gespeichert werden. Wenn dies geschieht, stellen wir sicher, dass angemessene Schutzma\u00dfnahmen gem\u00e4\u00df der DSGVO eingehalten werden.<\/p>\n<p>**Sicherheit Ihrer Daten**<\/p>\n<p>Wir bem\u00fchen uns, Ihre personenbezogenen Daten durch geeignete technische und organisatorische Ma\u00dfnahmen zu sch\u00fctzen. Allerdings ist keine Methode der \u00dcbertragung \u00fcber das Internet zu 100 % sicher, und wir k\u00f6nnen keine absolute Sicherheit garantieren.<\/p>\n<p>**\u00c4nderungen dieser Datenschutzerkl\u00e4rung**<\/p>\n<p>Wir k\u00f6nnen diese Datenschutzerkl\u00e4rung aktualisieren, um rechtlichen Anforderungen oder betrieblichen \u00c4nderungen nachzukommen. Die aktualisierte Richtlinie wird auf dieser Seite ver\u00f6ffentlicht, und wesentliche \u00c4nderungen werden Ihnen mitgeteilt.<\/p>\n<p>**Kontaktieren Sie uns**<\/p>\n<p>Wenn Sie Fragen zu dieser Datenschutzerkl\u00e4rung haben, kontaktieren Sie uns bitte:<\/p>\n<p>Per E-Mail: info@demure.eu<br \/>\nPer Post: StuffSale Ltd, Valdeku 62-100, Riga, LV-1058, Lettland<\/p>\n","protected":false},"excerpt":{"rendered":"<p>**Datenschutzerkl\u00e4rung** *Zuletzt aktualisiert: 14. September 2024* Diese Datenschutzerkl\u00e4rung beschreibt unsere Richtlinien und Verfahren zur Erfassung, Nutzung und Offenlegung Ihrer Informationen, wenn Sie den Dienst nutzen. Sie informiert Sie auch \u00fcber Ihre Datenschutzrechte und wie das Gesetz Sie sch\u00fctzt. Wir verwenden Ihre personenbezogenen Daten, um den Dienst bereitzustellen und zu verbessern. Durch die Nutzung des Dienstes [&#8230;]\n","protected":false},"author":1,"featured_media":0,"parent":0,"menu_order":0,"comment_status":"closed","ping_status":"closed","template":"","meta":{"footnotes":""},"class_list":["post-12426","page","type-page","status-publish","hentry"],"jetpack_sharing_enabled":true,"_links":{"self":[{"href":"https:\/\/demure.eu\/de\/wp-json\/wp\/v2\/pages\/12426","targetHints":{"allow":["GET"]}}],"collection":[{"href":"https:\/\/demure.eu\/de\/wp-json\/wp\/v2\/pages"}],"about":[{"href":"https:\/\/demure.eu\/de\/wp-json\/wp\/v2\/types\/page"}],"author":[{"embeddable":true,"href":"https:\/\/demure.eu\/de\/wp-json\/wp\/v2\/users\/1"}],"replies":[{"embeddable":true,"href":"https:\/\/demure.eu\/de\/wp-json\/wp\/v2\/comments?post=12426"}],"version-history":[{"count":1,"href":"https:\/\/demure.eu\/de\/wp-json\/wp\/v2\/pages\/12426\/revisions"}],"predecessor-version":[{"id":12427,"href":"https:\/\/demure.eu\/de\/wp-json\/wp\/v2\/pages\/12426\/revisions\/12427"}],"wp:attachment":[{"href":"https:\/\/demure.eu\/de\/wp-json\/wp\/v2\/media?parent=12426"}],"curies":[{"name":"wp","href":"https:\/\/api.w.org\/{rel}","templated":true}]}}