{"id":11889,"date":"2023-03-28T04:55:48","date_gmt":"2023-03-28T04:55:48","guid":{"rendered":"https:\/\/demure.eu\/product\/demure-50-paar-augenpads-wimpernpads-fuer-wimpernverlaengerung-fusselfrei-augen-gel-patch-hydrogel-lint-free-eye-gel-patch-for-eyelash-extensions\/"},"modified":"2025-11-12T13:23:39","modified_gmt":"2025-11-12T13:23:39","slug":"demure-demure-eyelash-extension-pads","status":"publish","type":"product","link":"https:\/\/demure.eu\/de\/demure-demure-eyelash-extension-pads\/","title":{"rendered":"Demure 50 Paar Augenpads Wimpernpads f\u00fcr Wimpernverl\u00e4ngerung Fusselfrei Augen Gel Patch Hydrogel Lint Free Eye Gel Patch for Eyelash Extensions"},"content":{"rendered":"<ul class=\"a-unordered-list a-vertical a-spacing-mini\">\n<li><span class=\"a-list-item\">Fusselfreie Augengel-Pads sind f\u00fcr Wimpernverl\u00e4ngerung Anwendung, f\u00fcr wimpern f\u00e4rben, f\u00fcr wimpernlifting, Gesichtsbehandlungen oder Make-up. Pers\u00f6nlicher Gebrauch und Professioneller Gebrauch f\u00fcr Make-up-Salon, Kosmetikstudio, Visagistin usw.<\/span><\/li>\n<li><span class=\"a-list-item\">Wimpern pads sind auf der R\u00fcckseite mit Hydro-Gel beschichtet, das Design kann verhindern, dass sich die Augenpads w\u00e4hrend der Wimpernverl\u00e4ngerung bewegen. Einfach zu arbeiten, passende Gr\u00f6\u00dfe f\u00fcr die meisten Augenformen<\/span><\/li>\n<li><span class=\"a-list-item\">Sehr d\u00fcnn und haftet gut auf der Haut, aber nicht zu hart und es ist einfach, augenklappe zu entfernen, ohne Ihre Haut zu strecken. Es ist angenehm zu tragen, f\u00e4llt leicht k\u00fchl auf die Haut und wird nicht brennen oder die Haut reizen, wird keine Nebenwirkungen haben<\/span><\/li>\n<li><span class=\"a-list-item\">Fusselfreie Gel-Augenpads sch\u00fctzen die unteren Wimpern und geben dem Kunden w\u00e4hrend des Wimpernverl\u00e4ngerungsprozesses und Wimpern f\u00e4rben eine komfortable Augenbehandlung<\/span><\/li>\n<li><span class=\"a-list-item\">Einzeln verpackt, enth\u00e4lt jede versiegelte Beutel 2 unter Augen fusselfreien Gel-Patches, einfach zu lagern, Hygiene und bequem zu bedienen. 100% nagelneu, A+ Qualit\u00e4t<\/span><\/li>\n<\/ul>\n","protected":false},"excerpt":{"rendered":"<table class=\"a-normal a-spacing-micro\">\n<tbody>\n<tr class=\"a-spacing-small po-brand\">\n<td class=\"a-span3\"><span class=\"a-size-base a-text-bold\">Marke<\/span><\/td>\n<td class=\"a-span9\"><span class=\"a-size-base po-break-word\">Demure<\/span><\/td>\n<\/tr>\n<tr class=\"a-spacing-small po-item_form\">\n<td class=\"a-span3\"><span class=\"a-size-base a-text-bold\">Artikelformular<\/span><\/td>\n<td class=\"a-span9\"><span class=\"a-size-base po-break-word\">Gel<\/span><\/td>\n<\/tr>\n<tr class=\"a-spacing-small po-product_benefit\">\n<td class=\"a-span3\"><span class=\"a-size-base a-text-bold\">Produktvorteile<\/span><\/td>\n<td class=\"a-span9\"><span class=\"a-size-base po-break-word\">Feuchtigkeitsspendend<\/span><\/td>\n<\/tr>\n<tr class=\"a-spacing-small po-scent\">\n<td class=\"a-span3\"><span class=\"a-size-base a-text-bold\">Duft<\/span><\/td>\n<td class=\"a-span9\"><span class=\"a-size-base po-break-word\">Unparf\u00fcmiert<\/span><\/td>\n<\/tr>\n<tr class=\"a-spacing-small po-material_type_free\">\n<td class=\"a-span3\"><span class=\"a-size-base a-text-bold\">Schimmel-\/pilzbest\u00e4ndig<\/span><\/td>\n<td class=\"a-span9\"><span class=\"a-size-base po-break-word\">Parabenfrei<\/span><\/td>\n<\/tr>\n<tr class=\"a-spacing-small po-skin_type\">\n<td class=\"a-span3\"><span class=\"a-size-base a-text-bold\">Hauttyp<\/span><\/td>\n<td class=\"a-span9\"><span class=\"a-size-base po-break-word\">Alle<\/span><\/td>\n<\/tr>\n<tr class=\"a-spacing-small po-special_feature\">\n<td class=\"a-span3\"><span class=\"a-size-base a-text-bold\">Besonderes Merkmal<\/span><\/td>\n<td class=\"a-span9\"><span class=\"a-size-base po-break-word\">Feuchtigkeit<\/span><\/td>\n<\/tr>\n<\/tbody>\n<\/table>\n<p>&nbsp;<\/p>\n<a href=\"https:\/\/www.amazon.de\/Demure-Wimpernpads-Wimpernverl%C3%A4ngerung-Fusselfrei-Extensions\/dp\/B0B1VNT5DZ\/ref=sr_1_8?keywords=Demure&#038;qid=1680091446&#038;sr=8-8&#038;language=de_DE\" class=\"button primary\" >\n\t\t<span>weiter kaufen Amazon<\/span>\n\t<\/a>\n\n\n<a class=\"button primary\" >\n\t\t<span>weiter kaufen ebay<\/span>\n\t<\/a>\n\n","protected":false},"featured_media":11787,"comment_status":"closed","ping_status":"closed","template":"","meta":[],"product_brand":[],"product_cat":[363],"product_tag":[],"class_list":{"0":"post-11889","1":"product","2":"type-product","3":"status-publish","4":"has-post-thumbnail","6":"product_cat-demure-wimpern-und-augenbrauenfarbe-gel","8":"first","9":"instock","10":"taxable","11":"shipping-taxable","12":"purchasable","13":"product-type-simple"},"jetpack_sharing_enabled":true,"_links":{"self":[{"href":"https:\/\/demure.eu\/de\/wp-json\/wp\/v2\/product\/11889","targetHints":{"allow":["GET"]}}],"collection":[{"href":"https:\/\/demure.eu\/de\/wp-json\/wp\/v2\/product"}],"about":[{"href":"https:\/\/demure.eu\/de\/wp-json\/wp\/v2\/types\/product"}],"replies":[{"embeddable":true,"href":"https:\/\/demure.eu\/de\/wp-json\/wp\/v2\/comments?post=11889"}],"wp:featuredmedia":[{"embeddable":true,"href":"https:\/\/demure.eu\/de\/wp-json\/wp\/v2\/media\/11787"}],"wp:attachment":[{"href":"https:\/\/demure.eu\/de\/wp-json\/wp\/v2\/media?parent=11889"}],"wp:term":[{"taxonomy":"product_brand","embeddable":true,"href":"https:\/\/demure.eu\/de\/wp-json\/wp\/v2\/product_brand?post=11889"},{"taxonomy":"product_cat","embeddable":true,"href":"https:\/\/demure.eu\/de\/wp-json\/wp\/v2\/product_cat?post=11889"},{"taxonomy":"product_tag","embeddable":true,"href":"https:\/\/demure.eu\/de\/wp-json\/wp\/v2\/product_tag?post=11889"}],"curies":[{"name":"wp","href":"https:\/\/api.w.org\/{rel}","templated":true}]}}