{"id":11919,"date":"2023-03-27T09:05:39","date_gmt":"2023-03-27T09:05:39","guid":{"rendered":"https:\/\/demure.eu\/product\/demure-12-paar-augenpads-augenpads-gegen-augenringe-goldene-augenpads-collagen-augenmaske-fuer-anti-falten-straffung-entfernen-von-traenensaecken-und-augenringen\/"},"modified":"2025-11-12T13:13:53","modified_gmt":"2025-11-12T13:13:53","slug":"demure-12-pairs-of-eye-pads","status":"publish","type":"product","link":"https:\/\/demure.eu\/de\/demure-12-pairs-of-eye-pads\/","title":{"rendered":"Demure 12 Paar Augenpads, Augenpads Gegen Augenringe, Goldene Augenpads Collagen Augenmaske, F\u00fcr Anti-Falten-Straffung, Entfernen von Tr\u00e4nens\u00e4cken und Augenringen"},"content":{"rendered":"<ul class=\"a-unordered-list a-vertical a-spacing-mini\">\n<li><span class=\"a-list-item\">{Hydrolysiertes Sojaprotein}: Reparieren Sie Gewebe und stimulieren Sie die Zellregeneration, Feuchtigkeit behalten. Da die Aminos\u00e4uren von Soja und menschlicher Haut \u00e4hnlich zusammengesetzt sind, wirken Produkte mit Sojaproteinen sehr schonend und eignen sich f\u00fcr die Anwendung an den empfindlichsten Stellen des Gesichts, beispielsweise um die Augen.<\/span><\/li>\n<li><span class=\"a-list-item\">{Inhaltsstoffsicher}: Hergestellt aus 100 % nat\u00fcrlichen Inhaltsstoffen (Allantoin, Weins\u00e4ure, Tocopherylacetat (Vitamin E), Traubenkern\u00f6l, Aloe-Extrakt, Kamillenextrakt, Gurkenextrakt, \u00e4therisches Rosen\u00f6l und \u00e4therisches Lavendel\u00f6l, Kollagen.), ist es sanft und nicht reizend, bek\u00e4mpft effektiv h\u00e4ufige Augenprobleme und beruhigt und strafft Haut, die durch Make-up oder die Umwelt gereizt ist, und l\u00e4sst Ihre Haut ges\u00fcnder aussehen.<\/span><\/li>\n<li><span class=\"a-list-item\">{Anti-Falten- Augenpads} Kollagen-Augenmasken k\u00f6nnen Ihre Haut um Ihre Augen herum sofort mit Feuchtigkeit versorgen, mit starker Hyalurons\u00e4ure befeuchten. Minimiert und mildert das Auftreten von feinen Linien und Falten mit Kollagen und epidermalem Wachstumsfaktor und verbessert gleichzeitig den Hautton und die Hautstruktur.<\/span><\/li>\n<li><span class=\"a-list-item\">{Behandeln Sie Ihre Augenringe} Die Collagen Gold Augenmaske kann Ihre Augen schnell mit Feuchtigkeit auff\u00fcllen, Sie m\u00fcssen keine Spa-Behandlungen zur Behandlung von Augenringen, Tr\u00e4nens\u00e4cken und Falten aufwenden, unsere Collagen Gold Augenmaske kann erreicht werden.<\/span><\/li>\n<li><span class=\"a-list-item\">{Unabh\u00e4ngige Verpackung} Jedes Paar befindet sich in einer separaten Vakuumverpackung. Die Empfindlichkeit der Haut ist bei jedem anders, wenn Sie sich unwohl f\u00fchlen, h\u00f6ren Sie bitte sofort mit der Anwendung auf.<\/span><\/li>\n<\/ul>\n","protected":false},"excerpt":{"rendered":"<table class=\"a-normal a-spacing-micro\">\n<tbody>\n<tr class=\"a-spacing-small po-brand\">\n<td class=\"a-span3\"><span class=\"a-size-base a-text-bold\">Marke<\/span><\/td>\n<td class=\"a-span9\"><span class=\"a-size-base po-break-word\">Demure<\/span><\/td>\n<\/tr>\n<tr class=\"a-spacing-small po-item_form\">\n<td class=\"a-span3\"><span class=\"a-size-base a-text-bold\">Artikelformular<\/span><\/td>\n<td class=\"a-span9\"><span class=\"a-size-base po-break-word\">Blatt<\/span><\/td>\n<\/tr>\n<tr class=\"a-spacing-small po-product_benefit\">\n<td class=\"a-span3\"><span class=\"a-size-base a-text-bold\">Produktvorteile<\/span><\/td>\n<td class=\"a-span9\"><span class=\"a-size-base po-break-word\">Beruhigend, Straffung<\/span><\/td>\n<\/tr>\n<tr class=\"a-spacing-small po-scent\">\n<td class=\"a-span3\"><span class=\"a-size-base a-text-bold\">Duft<\/span><\/td>\n<td class=\"a-span9\"><span class=\"a-size-base po-break-word\">Lavendel<\/span><\/td>\n<\/tr>\n<tr class=\"a-spacing-small po-material_type_free\">\n<td class=\"a-span3\"><span class=\"a-size-base a-text-bold\">Schimmel-\/pilzbest\u00e4ndig<\/span><\/td>\n<td class=\"a-span9\"><span class=\"a-size-base po-break-word\">Ammoniakfrei<\/span><\/td>\n<\/tr>\n<tr class=\"a-spacing-small po-skin_type\">\n<td class=\"a-span3\"><span class=\"a-size-base a-text-bold\">Hauttyp<\/span><\/td>\n<td class=\"a-span9\"><span class=\"a-size-base po-break-word\">Empfindlichsten<\/span><\/td>\n<\/tr>\n<tr class=\"a-spacing-small po-special_feature\">\n<td class=\"a-span3\"><span class=\"a-size-base a-text-bold\">Besonderes Merkmal<\/span><\/td>\n<td class=\"a-span9\"><span class=\"a-size-base po-break-word\">Not Tested On Animals<\/span><\/td>\n<\/tr>\n<tr class=\"a-spacing-small po-unit_count\">\n<td class=\"a-span3\"><span class=\"a-size-base a-text-bold\">Anzahl der Einheiten<\/span><\/td>\n<td class=\"a-span9\"><span class=\"a-size-base po-break-word\">12.00 st\u00fcck<\/span><\/td>\n<\/tr>\n<tr class=\"a-spacing-small po-number_of_items\">\n<td class=\"a-span3\"><span class=\"a-size-base a-text-bold\">Anzahl der Artikel<\/span><\/td>\n<td class=\"a-span9\"><span class=\"a-size-base po-break-word\">1<\/span><\/td>\n<\/tr>\n<\/tbody>\n<\/table>\n<a href=\"https:\/\/www.amazon.de\/Demure-Augenringe-Anti-Falten-Straffung-Tr%C3%A4nens%C3%A4cken-Augenringen\/dp\/B0B2RPRZDJ\/ref=sr_1_8?keywords=Demure&#038;qid=1680501204&#038;sr=8-8\" class=\"button primary\" >\n\t\t<span>weiter kaufen Amazon<\/span>\n\t<\/a>\n\n\n<a href=\"https:\/\/www.ebay.de\/itm\/225010863544?hash=item3463b14db8:g:~aQAAOSwUSJilf~s&#038;amdata=enc%3AAQAHAAAA8N92Bov7aUFupSUy31LXkEUeBDtczgwVSIwW17icdeft%2BzOTuCcjkzL8NA2MuyE53FkTrlT8EkJFi6CzX4jh9WD6%2FthRpt0NzM7VVspxWY7QBSxxbB97wioKWtuJX6fQU9yNvL1%2FHHEZBPHfpxAf1wpoxqLjalAwkp%2BfgKBhH9%2BOwstQNZVzD96PcfSaEEs6P1uvl%2BkXj3YBV96UlSsAs%2Fo90AHPiCoDz3yd1U%2BK0fywDgCPY3NQYqjfG8Sdyp%2BWhYZv0Nx0RKog337tagiNZsADhC%2B6%2FbS8mUh1fre00xwxxy8HS6%2BMXnq%2B8xuZ2WkxOA%3D%3D%7Ctkp%3ABFBM_M-G2-hh\" class=\"button primary\" >\n\t\t<span>weiter kaufen ebay<\/span>\n\t<\/a>\n\n","protected":false},"featured_media":11792,"comment_status":"closed","ping_status":"closed","template":"","meta":[],"product_brand":[],"product_cat":[367],"product_tag":[],"class_list":{"0":"post-11919","1":"product","2":"type-product","3":"status-publish","4":"has-post-thumbnail","6":"product_cat-eye-patches-de","8":"first","9":"outofstock","10":"taxable","11":"shipping-taxable","12":"purchasable","13":"product-type-simple"},"jetpack_sharing_enabled":true,"_links":{"self":[{"href":"https:\/\/demure.eu\/de\/wp-json\/wp\/v2\/product\/11919","targetHints":{"allow":["GET"]}}],"collection":[{"href":"https:\/\/demure.eu\/de\/wp-json\/wp\/v2\/product"}],"about":[{"href":"https:\/\/demure.eu\/de\/wp-json\/wp\/v2\/types\/product"}],"replies":[{"embeddable":true,"href":"https:\/\/demure.eu\/de\/wp-json\/wp\/v2\/comments?post=11919"}],"wp:featuredmedia":[{"embeddable":true,"href":"https:\/\/demure.eu\/de\/wp-json\/wp\/v2\/media\/11792"}],"wp:attachment":[{"href":"https:\/\/demure.eu\/de\/wp-json\/wp\/v2\/media?parent=11919"}],"wp:term":[{"taxonomy":"product_brand","embeddable":true,"href":"https:\/\/demure.eu\/de\/wp-json\/wp\/v2\/product_brand?post=11919"},{"taxonomy":"product_cat","embeddable":true,"href":"https:\/\/demure.eu\/de\/wp-json\/wp\/v2\/product_cat?post=11919"},{"taxonomy":"product_tag","embeddable":true,"href":"https:\/\/demure.eu\/de\/wp-json\/wp\/v2\/product_tag?post=11919"}],"curies":[{"name":"wp","href":"https:\/\/api.w.org\/{rel}","templated":true}]}}