{"id":11925,"date":"2021-06-06T07:57:08","date_gmt":"2021-06-06T07:57:08","guid":{"rendered":"https:\/\/demure.eu\/product\/demure-augenbrauenfarbe-kit-professional-formula-brauenfarbe-enthaelt-arganoel-und-rizinusoel-omega-6-carotin-vitamine-%d0%b0-%d0%b5-f-schnelle-und-sichere-ergebnisse-3-0-dunkelbraun\/"},"modified":"2025-11-12T13:23:39","modified_gmt":"2025-11-12T13:23:39","slug":"demure-augenbrauenfarbe","status":"publish","type":"product","link":"https:\/\/demure.eu\/de\/demure-augenbrauenfarbe\/","title":{"rendered":"Demure Augenbrauenfarbe Scintilla"},"content":{"rendered":"<p>Demure Augenbrauenfarbe SCINTILLA Kit k\u00f6nnen Sie genau definierte und lang anhaltende Augenbrauen bekommen. Die spezielle Mischung aus Argan\u00f6l und Rizinus\u00f6l verbessert die Brauen, verleiht ihnen einen tiefen Farbton und pflegt die Haut. Deckt graue Haare ab und sorgt f\u00fcr ein gepflegtes Erscheinungsbild der Brauen bei allen Wetterbedingungen. Perfekt geeignet f\u00fcr alle Hauttypen, speziell f\u00fcr fettige Haut \u2013 geben Sie der Farbe nur etwa 15 bis 20 Minuten Zeit, um die bestm\u00f6glichen Resultate zu erzielen. Die Farbe der nat\u00fcrlichen Augenbraue kann bis zu drei bis vier Wochen dauern und gew\u00e4hrleistet eine dichte, weiche und gehorsame Braue.<\/p>\n<p>EINFACHE ANWENDUNG: Das Demure Augenbrauenfarbe enth\u00e4lt alles, was Sie f\u00fcr eine pr\u00e4zise, \u200b\u200bm\u00fchelose Anwendung ben\u00f6tigen. Darin finden Sie:<br \/>\n\u2022 15-ml-Tube Augenbrauenfarbe<br \/>\n\u2022 15-ml-Aktivator<br \/>\n\u2022 Applikator mit Kamm<br \/>\n\u2022 Schale<br \/>\n\u2022 Anleitung in EN, DE, FR, IT, ES, LV<\/p>\n<p>Das Demure Augenbrauenfarbe ist in zwei Optionen erh\u00e4ltlich:<br \/>\n\u2022 1 Einheit f\u00fcr 11,90 \u20ac<br \/>\n\u2022 3 Einheiten f\u00fcr 24,00 \u20ac<\/p>\n","protected":false},"excerpt":{"rendered":"<table class=\"a-normal a-spacing-micro\">\n<tbody>\n<tr class=\"a-spacing-small po-brand\">\n<td class=\"a-span3\"><span class=\"a-size-base a-text-bold\">Brand<\/span><\/td>\n<td class=\"a-span9\">Demure Augenbrauenfarbe<\/td>\n<\/tr>\n<tr class=\"a-spacing-small po-color\">\n<td class=\"a-span3\"><span class=\"a-size-base a-text-bold\">Colour<\/span><\/td>\n<td class=\"a-span9\"><span class=\"a-size-base po-break-word\">3.0 Dunkelbraun; 1.0 Schwarz<\/span><\/td>\n<\/tr>\n<tr class=\"a-spacing-small po-finish_type\">\n<td class=\"a-span3\">Ausf\u00fchrung<\/td>\n<td class=\"a-span9\">Nat\u00fcrlich<\/td>\n<\/tr>\n<tr class=\"a-spacing-small po-product_benefit\">\n<td class=\"a-span3\">Produktvorteile<\/td>\n<td class=\"a-span9\">Volumengebend, Antioxidans, Erweichungsmittel<\/td>\n<\/tr>\n<tr class=\"a-spacing-small po-skin_type\">\n<td class=\"a-span3\">Hauttyp<\/td>\n<td class=\"a-span9\">Mischhaut, trocken, normal<\/td>\n<\/tr>\n<tr class=\"a-spacing-small po-coverage\">\n<td class=\"a-span3\">Abdeckung<\/td>\n<td class=\"a-span9\">Voll<\/td>\n<\/tr>\n<tr class=\"a-spacing-small po-item_weight\">\n<td class=\"a-span3\"><span class=\"a-size-base a-text-bold\">Item weight<\/span><\/td>\n<td class=\"a-span9\"><span class=\"a-size-base po-break-word\">41.2 Grams<\/span><\/td>\n<\/tr>\n<tr class=\"a-spacing-small po-container.type\">\n<td class=\"a-span3\"><span class=\"a-size-base a-text-bold\">Package information<\/span><\/td>\n<td class=\"a-span9\"><span class=\"a-size-base po-break-word\">Tube<\/span><\/td>\n<\/tr>\n<tr class=\"a-spacing-small po-package_type_name\">\n<td class=\"a-span3\">Hergestellt in<\/td>\n<td class=\"a-span9\">EU<\/td>\n<\/tr>\n<tr class=\"a-spacing-small po-age_range_description\">\n<td class=\"a-span3\">Altersgruppe (Beschreibung)<\/td>\n<td class=\"a-span9\">Erwachsene<\/td>\n<\/tr>\n<\/tbody>\n<\/table>\n<a href=\"https:\/\/www.amazon.co.uk\/dp\/B08G56ZPWZ?ref=myi_title_dp&#038;th=1\" class=\"button primary is-small\" style=\"border-radius:33px;\">\n\t\t<span>Amazon.co.uk<\/span>\n\t<\/a>\n\n\n<a href=\"https:\/\/www.amazon.ca\/Eyebrow-Tint-DEMURE-Professional-Formula\/dp\/B08G4WLPCN\/ref=sr_1_5?crid=M3O9FWX0C1JV&#038;keywords=Demure+Eyebrow+Dye+Kit&#038;qid=1680500803&#038;sprefix=demure+eyebrow+dye+kit%2Caps%2C263&#038;sr=8-5\" class=\"button primary is-small\" style=\"border-radius:32px;\">\n\t\t<span>Amazon.ca<\/span>\n\t<\/a>\n\n\n<a href=\"https:\/\/www.ebay.com\/itm\/324332369011?hash=item4b83b73473:g:bt0AAOSwQoJkAEhn&#038;amdata=enc%3AAQAHAAAA4ICcHVT%2F69oH0zzJZL5E7BlF%2BsmvnciLDJTiVeVt9hm%2FzXbiRAgRY9NUqvWptDYDy9DU%2B6HRU%2FdMHa2VIHzqnBv%2FA7A6hgkumG5m36s59C6NBAp5r9O1PbFs0p3e7ERAfYvfEv%2FJD8DTLpRvMioj4bexm62QFIMU99szIum8ol5oqtbir8jt414Jymjzky9xcuvLlknJftU6q4nKyTYJXa5pxTt2Socvt2Lqh3%2BwTk86Rz%2BrcWYwKCeuvwbvsdjVSQW%2F3ZEKkQbFRdzJTef9N8heaiqhW1tffX5Y76rb3LYP%7Ctkp%3ABFBMlsq_2uhh\" class=\"button primary is-small\" style=\"border-radius:34px;\">\n\t\t<span>EBAY.COM<\/span>\n\t<\/a>\n\n","protected":false},"featured_media":12828,"comment_status":"closed","ping_status":"closed","template":"","meta":[],"product_brand":[],"product_cat":[359],"product_tag":[],"class_list":{"0":"post-11925","1":"product","2":"type-product","3":"status-publish","4":"has-post-thumbnail","6":"product_cat-demure-augenbrauenfarbe","8":"first","9":"instock","10":"taxable","11":"shipping-taxable","12":"purchasable","13":"product-type-variable"},"jetpack_sharing_enabled":true,"_links":{"self":[{"href":"https:\/\/demure.eu\/de\/wp-json\/wp\/v2\/product\/11925","targetHints":{"allow":["GET"]}}],"collection":[{"href":"https:\/\/demure.eu\/de\/wp-json\/wp\/v2\/product"}],"about":[{"href":"https:\/\/demure.eu\/de\/wp-json\/wp\/v2\/types\/product"}],"replies":[{"embeddable":true,"href":"https:\/\/demure.eu\/de\/wp-json\/wp\/v2\/comments?post=11925"}],"wp:featuredmedia":[{"embeddable":true,"href":"https:\/\/demure.eu\/de\/wp-json\/wp\/v2\/media\/12828"}],"wp:attachment":[{"href":"https:\/\/demure.eu\/de\/wp-json\/wp\/v2\/media?parent=11925"}],"wp:term":[{"taxonomy":"product_brand","embeddable":true,"href":"https:\/\/demure.eu\/de\/wp-json\/wp\/v2\/product_brand?post=11925"},{"taxonomy":"product_cat","embeddable":true,"href":"https:\/\/demure.eu\/de\/wp-json\/wp\/v2\/product_cat?post=11925"},{"taxonomy":"product_tag","embeddable":true,"href":"https:\/\/demure.eu\/de\/wp-json\/wp\/v2\/product_tag?post=11925"}],"curies":[{"name":"wp","href":"https:\/\/api.w.org\/{rel}","templated":true}]}}