{"id":11930,"date":"2023-03-28T04:52:33","date_gmt":"2023-03-28T04:52:33","guid":{"rendered":"https:\/\/demure.eu\/product\/demure-sulphur-and-salicylic\/"},"modified":"2025-11-12T13:23:39","modified_gmt":"2025-11-12T13:23:39","slug":"demure-seife-schwefel","status":"publish","type":"product","link":"https:\/\/demure.eu\/de\/demure-seife-schwefel\/","title":{"rendered":"Demure Seife Schwefel und Salicyls\u00e4ure Peeling"},"content":{"rendered":"<ul class=\"a-unordered-list a-vertical a-spacing-mini\">\n<li><span class=\"a-list-item\">Demure Seife Schwefel basiert auf nat\u00fcrlichen Pflanzen\u00f6len. Diese Seife sch\u00e4umt bei Kontakt mit Wasser nicht stark, trocknet die Haut nicht aus und st\u00f6rt ihr S\u00e4ure-Basen-Gleichgewicht nicht. Aufgeladen mit Inhaltsstoffen Schwefel und Salicyls\u00e4ure f\u00fcr die Gesundheit und Erneuerung Ihrer Haut.<\/span><\/li>\n<li><span class=\"a-list-item\">Reich an Kokosnuss\u00f6l die Versorgt die Haut mit Feuchtigkeit, beschleunigt die Regeneration der Hautzellen, hellt Pigmentflecken auf, f\u00f6rdert die Hautverj\u00fcngung.<\/span><\/li>\n<li><span class=\"a-list-item\">Reich an Kamelien\u00f6l (Camellia Japonica) die aufgrund seiner einzigartigen Zusammensetzung ein wesentlicher Bestandteil der orientalischen Medizin und Kosmetologie! Sein hoher Gehalt an Antioxidantien und Fetts\u00e4uren macht es f\u00fcr die Pflege aller Hauttypen unverzichtbar. Macht die Haut weich und feucht, macht sie geschmeidig, straff und samtig.<\/span><\/li>\n<li><span class=\"a-list-item\">Wirksam bei der Behandlung von Hautunreinheiten, Hornhaut, H\u00fchnern, Akne, Warzen, Pilzinfektionen, Psoriasis, Ekzemen, eingewachsenen Haaren und Rosacea<\/span><\/li>\n<li><span class=\"a-list-item\">Straffen Sie die Poren, lindern Sie Entz\u00fcndungen und R\u00f6tungen, vereinheitlichen Sie den Hautton und lassen Sie die Haut blitzsauber und verj\u00fcngt zur\u00fcck<\/span><\/li>\n<li>Demure Seife enth\u00e4lt keine stark allergenen Stoffe, aber lesen Sie die Inhaltsstoffe vor dem Gebrauch, um eine individuelle Unvertr\u00e4glichkeit gegen einen der Inhaltsstoffe auszuschlie\u00dfen. Wenn Sie nach der Verwendung der Seife auch nur die geringste allergische Reaktion versp\u00fcren, stellen Sie die Verwendung sofort ein.<div id=\"rank-math-rich-snippet-wrapper\"><div id=\"rank-math-faq\" class=\"rank-math-block\">\n<div class=\"rank-math-list \">\n<div id=\"faq-1\" class=\"rank-math-list-item\">\n<h3 class=\"rank-math-question \">Ist die Demure Seife f\u00fcr zu Akne neigende Haut geeignet?<\/h3>\n<div class=\"rank-math-answer \">\n\n<p>Ja, die Demure Seife mit Schwefel und Salicyls\u00e4ure ist speziell formuliert, um Akne zu behandeln und vorzubeugen. Die aktiven Inhaltsstoffe helfen, Entz\u00fcndungen zu reduzieren, die Poren zu reinigen und Bakterien zu bek\u00e4mpfen, die Unreinheiten verursachen k\u00f6nnen.<\/p>\n\n<\/div>\n<\/div>\n<div id=\"faq-2\" class=\"rank-math-list-item\">\n<h3 class=\"rank-math-question \">Ist die Demure Seife auch f\u00fcr empfindliche Haut sicher?<\/h3>\n<div class=\"rank-math-answer \">\n\n<p>Die Demure Seife ist f\u00fcr alle Hauttypen geeignet, auch f\u00fcr empfindliche Haut. Wenn Sie jedoch besonders empfindliche oder zu Allergien neigende Haut haben, empfehlen wir, das Produkt zun\u00e4chst an einer kleinen Hautstelle zu testen.<\/p>\n\n<\/div>\n<\/div>\n<div id=\"faq-3\" class=\"rank-math-list-item\">\n<h3 class=\"rank-math-question \">Was sind die Hauptvorteile von Schwefel und Salicyls\u00e4ure in dieser Seife?<\/h3>\n<div class=\"rank-math-answer \">\n\n<p>Schwefel hilft, \u00fcbersch\u00fcssigen Talg zu reduzieren und abgestorbene Hautzellen zu entfernen, w\u00e4hrend Salicyls\u00e4ure sanft exfoliert, die Poren reinigt und Hautirritationen beruhigt. Zusammen sorgen sie f\u00fcr eine klare, glatte und ausgeglichene Haut.<\/p>\n\n<\/div>\n<\/div>\n<\/div>\n<\/div><\/div><\/li>\n<\/ul>\n","protected":false},"excerpt":{"rendered":"<p>Demure Seife Schwefel\u00a0und Salicyls\u00e4ure Peeling Demure Seife, Poren-Peeling, reduziert Akne, eine Beruhigende und Feuchtigkeitsspendende<\/p>\n<table class=\"a-normal a-spacing-micro\">\n<tbody>\n<tr class=\"a-spacing-small po-item_form\">\n<td class=\"a-span3\"><span class=\"a-size-base a-text-bold\">Artikelformular<\/span><\/td>\n<td class=\"a-span9\"><span class=\"a-size-base po-break-word\">Creme<\/span><\/td>\n<\/tr>\n<tr class=\"a-spacing-small po-skin_type\">\n<td class=\"a-span3\"><span class=\"a-size-base a-text-bold\">Hauttyp<\/span><\/td>\n<td class=\"a-span9\"><span class=\"a-size-base po-break-word\">Alle<\/span><\/td>\n<\/tr>\n<tr class=\"a-spacing-small po-brand\">\n<td class=\"a-span3\"><span class=\"a-size-base a-text-bold\">Marke<\/span><\/td>\n<td class=\"a-span9\"><span class=\"a-size-base po-break-word\">Demure<\/span><\/td>\n<\/tr>\n<tr class=\"a-spacing-small po-scent\">\n<td class=\"a-span3\"><span class=\"a-size-base a-text-bold\">Duft<\/span><\/td>\n<td class=\"a-span9\"><span class=\"a-size-base po-break-word\">Unparf\u00fcmiert<\/span><\/td>\n<\/tr>\n<tr class=\"a-spacing-small po-material_feature\">\n<td class=\"a-span3\"><span class=\"a-size-base a-text-bold\">Materialeigenschaft<\/span><\/td>\n<td class=\"a-span9\"><span class=\"a-size-base po-break-word\">Tierversuchsfrei<\/span><\/td>\n<\/tr>\n<tr class=\"a-spacing-small po-material_type_free\">\n<td class=\"a-span3\"><span class=\"a-size-base a-text-bold\">Schimmel-\/pilzbest\u00e4ndig<\/span><\/td>\n<td class=\"a-span9\"><span class=\"a-size-base po-break-word\">Tierfettfrei<\/span><\/td>\n<\/tr>\n<tr class=\"a-spacing-small po-age_range_description\">\n<td class=\"a-span3\"><span class=\"a-size-base a-text-bold\">Altersspektrum (Beschreibung)<\/span><\/td>\n<td class=\"a-span9\"><span class=\"a-size-base po-break-word\">Erwachsener<\/span><\/td>\n<\/tr>\n<tr class=\"a-spacing-small po-number_of_items\">\n<td class=\"a-span3\"><span class=\"a-size-base a-text-bold\">Anzahl der Artikel<\/span><\/td>\n<td class=\"a-span9\"><span class=\"a-size-base po-break-word\">1<\/span><\/td>\n<\/tr>\n<tr class=\"a-spacing-small po-unit_count\">\n<td class=\"a-span3\"><span class=\"a-size-base a-text-bold\">Anzahl der Einheiten<\/span><\/td>\n<td class=\"a-span9\"><span class=\"a-size-base po-break-word\">100.0 gramm<\/span><\/td>\n<\/tr>\n<tr class=\"a-spacing-small po-special_feature\">\n<td class=\"a-span3\"><span class=\"a-size-base a-text-bold\">Besonderes Merkmal<\/span><\/td>\n<td class=\"a-span9\"><span class=\"a-size-base po-break-word\">Not Tested On Animals<\/span><\/td>\n<\/tr>\n<\/tbody>\n<\/table>\n<a href=\"https:\/\/www.amazon.de\/Demure-Salicyls%C3%A4ure-Poren-Peeling-Feuchtigkeitsspendende-entz%C3%BCndungshemmende\/dp\/B0B6GFNNTB\" class=\"button primary\" >\n\t\t<span>weiter kaufen Amazon<\/span>\n\t<\/a>\n\n<a href=\"https:\/\/www.ebay.de\/itm\/225061117870\" class=\"button primary\" >\n\t\t<span>weiter kaufen ebay<\/span>\n\t<\/a>\n\n","protected":false},"featured_media":11731,"comment_status":"closed","ping_status":"closed","template":"","meta":[],"product_brand":[],"product_cat":[375],"product_tag":[405],"class_list":{"0":"post-11930","1":"product","2":"type-product","3":"status-publish","4":"has-post-thumbnail","6":"product_cat-demure-seifen","7":"product_tag-demure-seife","9":"first","10":"instock","11":"taxable","12":"shipping-taxable","13":"purchasable","14":"product-type-simple"},"jetpack_sharing_enabled":true,"_links":{"self":[{"href":"https:\/\/demure.eu\/de\/wp-json\/wp\/v2\/product\/11930","targetHints":{"allow":["GET"]}}],"collection":[{"href":"https:\/\/demure.eu\/de\/wp-json\/wp\/v2\/product"}],"about":[{"href":"https:\/\/demure.eu\/de\/wp-json\/wp\/v2\/types\/product"}],"replies":[{"embeddable":true,"href":"https:\/\/demure.eu\/de\/wp-json\/wp\/v2\/comments?post=11930"}],"wp:featuredmedia":[{"embeddable":true,"href":"https:\/\/demure.eu\/de\/wp-json\/wp\/v2\/media\/11731"}],"wp:attachment":[{"href":"https:\/\/demure.eu\/de\/wp-json\/wp\/v2\/media?parent=11930"}],"wp:term":[{"taxonomy":"product_brand","embeddable":true,"href":"https:\/\/demure.eu\/de\/wp-json\/wp\/v2\/product_brand?post=11930"},{"taxonomy":"product_cat","embeddable":true,"href":"https:\/\/demure.eu\/de\/wp-json\/wp\/v2\/product_cat?post=11930"},{"taxonomy":"product_tag","embeddable":true,"href":"https:\/\/demure.eu\/de\/wp-json\/wp\/v2\/product_tag?post=11930"}],"curies":[{"name":"wp","href":"https:\/\/api.w.org\/{rel}","templated":true}]}}