{"id":11933,"date":"2021-06-08T10:34:15","date_gmt":"2021-06-08T10:34:15","guid":{"rendered":"https:\/\/demure.eu\/product\/demure-color-gel-augenbrauen-und-wimpernfarbe-30g-professional-formula-augenbrauen-und-wimpernfarbstoff-kit-mit-keratin-komplex-fuer-optimale-festigkeit-glanz-und-farbe-1-0-schwarz\/"},"modified":"2026-03-11T16:31:36","modified_gmt":"2026-03-11T16:31:36","slug":"demure-wimpern-und-augenbrauenfarbe","status":"publish","type":"product","link":"https:\/\/demure.eu\/de\/demure-wimpern-und-augenbrauenfarbe\/","title":{"rendered":"Demure Wimpern- und Augenbrauenfarbe PPD\u2011frei f\u00fcr langanhaltende Ergebnisse."},"content":{"rendered":"<h1>Demure Wimpern- und Augenbrauenfarbe. Demure color gel.<\/h1>\n<p>Erleben Sie die transformative Kraft unseres revolution\u00e4ren Demure Wimpern- und Augenbrauenf\u00e4rbesets mit volumin\u00f6sen Brauen und Wimpern. Die nat\u00fcrlichen Konturen Ihrer Augen werden durch diese professionelle F\u00e4rbung f\u00fcr Wimpern und Augenbrauen verst\u00e4rkt, Ihre Brauen werden definiert und Ihre Wimpern sehen volumin\u00f6ser und voller aus. Auf Wiedersehen zu d\u00fcnnen, leblosen Brauen und auf einen mutigen, klaren Look, der f\u00fcr jede Gelegenheit ideal ist.<\/p>\n<p>Unsere wasserfeste Demure Wimpern- und Augenbrauenfarbe ist sowohl f\u00fcr den Urlaub als auch f\u00fcr den t\u00e4glichen Gebrauch geeignet. Sie h\u00e4lt jeder Situation stand. Ersparen Sie sich Zeit und erfreuen Sie sich ohne aufwendiges Make-up an nat\u00fcrlich definierten Brauen und volumin\u00f6sen Wimpern. Die wasserfeste Formel sorgt daf\u00fcr, dass sie perfekt f\u00fcr Schwimmen und Wassersport geeignet ist.<\/p>\n<p>Langlebig \u2013 h\u00e4lt bis zu vier Wochen: Unsere moderne Demure Wimpernfarbe bietet langfristige Resultate. Eindrucksvolle, dichte Wimpern und definierte Brauen, die bis zu vier Wochen halten, k\u00f6nnen in nur f\u00fcnf bis zehn Minuten erreicht werden. So k\u00f6nnen Sie Zeit in Ihrem t\u00e4glichen Beauty-Routine einsparen, ohne dabei auf ein perfektes Aussehen zu verzichten.<\/p>\n<p>Schluss mit der Verschmierung von Mascara: Es ist nicht mehr n\u00f6tig, diese zu verschmieren! Unsere Wimpernfarbe stellt eine unkomplizierte Alternative zur traditionellen Mascara dar. Ihre Wimpern werden durch sie verl\u00e4ngert, verdichtet und verdunkelt, ohne dass sie verschmiert oder abgebr\u00f6ckelt sind. Erleben Sie w\u00e4hrend des Tages vollkommen definierte, volumin\u00f6se Wimpern.<\/p>\n<p>Perfektes All-in-One-F\u00e4rbeset f\u00fcr professionelle Kosmetikerinnen, Studenten und Heimanwender. Enth\u00e4lt alle Produkte, die f\u00fcr eine Wimpern- und Augenbrauenf\u00e4rbebehandlung ben\u00f6tigt werden.<\/p>\n<p>Demure Wimpern- und Augenbrauenfarbe perfekt, korrigiert ihre Form, verleiht ihnen einen satten Farbton, St\u00e4rke und Glanz, macht die Haare gehorsam und weich, erm\u00f6glicht einen Verdichtungseffekt, pflegt die Haare, macht den Look ausdrucksvoller und attraktiver. Unsere Demure Wimpern- und Augenbrauenfarbe wurde speziell f\u00fcr die professionelle Anwendung entwickelt, um eine lang anhaltende und intensive Farbe zu erzielen.<\/p>\n<p>Dank Keratin werden die Augenbrauen und Wimpern weich, leichter k\u00e4mmbar und erhalten mehr Volumen. Dar\u00fcber hinaus stellt Keratin die Struktur der Haaroberfl\u00e4che wieder her. Augenbrauen und Wimpern erhalten Glanz und ein gesundes Aussehen.<\/p>\n<ul>\n<li data-start=\"58\" data-end=\"217\">\n<p data-start=\"60\" data-end=\"217\"><strong data-start=\"60\" data-end=\"106\">Ohne Para\u2011Phenylenediamin (PPD) formuliert<\/strong> \u2013 ideal f\u00fcr alle Hauttypen und f\u00fcr Anwender, die nach saubereren, hautfreundlicheren Beauty\u2011L\u00f6sungen suchen.<\/p>\n<\/li>\n<li data-start=\"219\" data-end=\"336\">\n<p data-start=\"221\" data-end=\"336\"><strong data-start=\"221\" data-end=\"248\">Jetzt zu 100\u202f% PPD\u2011frei<\/strong> \u2013 sicherer f\u00fcr empfindliche Haut und im Einklang mit modernen Clean\u2011Beauty\u2011Standards.<\/p>\n<\/li>\n<li data-start=\"338\" data-end=\"453\">\n<p data-start=\"340\" data-end=\"453\"><strong data-start=\"340\" data-end=\"373\">Pflegt und definiert zugleich<\/strong> \u2013 Keratin\u202f+\u202fn\u00e4hrende \u00d6le bieten gleichzeitig Pflege und sichtbare Ergebnisse.<\/p>\n<\/li>\n<li data-start=\"455\" data-end=\"595\">\n<p data-start=\"457\" data-end=\"595\"><strong data-start=\"457\" data-end=\"507\">Langanhaltende, lebendige Resultate f\u00fcr Wochen<\/strong> \u2013 genie\u00dfen Sie eine Farbe, die Wasser, Schwei\u00df und t\u00e4glicher Beanspruchung standh\u00e4lt.<\/p>\n<\/li>\n<\/ul>\n<p>Jedes Kit besteht aus:<\/p>\n<p>1x N\u00fcchterne Gel-T\u00f6nung 15ml<br \/>\n1x F\u00e4rbeaktivator 15ml<br \/>\n1x Anmischbecher<br \/>\n1x Applikator mit Kamm<br \/>\n1x Gebrauchsanweisung (EN, DE, FR, ES,IT)<\/p>\n<p>Demure Wimpern- und Augenbrauenfarbe ist in zwei Varianten erh\u00e4ltlich:<\/p>\n<p>\u2022 1 St\u00fcck f\u00fcr 12,90 \u20ac<\/p>\n<p>\u2022 3 St\u00fcck f\u00fcr 26,00 \u20ac<\/p>\n","protected":false},"excerpt":{"rendered":"<table class=\"a-normal a-spacing-micro\">\n<tbody>\n<tr class=\"a-spacing-small po-brand\">\n<td class=\"a-span3\"><span class=\"a-size-base a-text-bold\">Brand<\/span><\/td>\n<td class=\"a-span9\">Demure Wimpern- und Augenbrauenfarbe<\/td>\n<\/tr>\n<tr class=\"a-spacing-small po-item_form\">\n<td class=\"a-span3\"><span class=\"a-size-base a-text-bold\">Item form<\/span><\/td>\n<td class=\"a-span9\"><span class=\"a-size-base po-break-word\">Gel<\/span><\/td>\n<\/tr>\n<tr class=\"a-spacing-small po-color\">\n<td class=\"a-span3\"><span class=\"a-size-base a-text-bold\">Colour<\/span><\/td>\n<td class=\"a-span9\"><span class=\"a-size-base po-break-word\">1.0 Black<\/span><\/td>\n<\/tr>\n<tr class=\"a-spacing-small po-finish_type\">\n<td class=\"a-span3\"><span class=\"a-size-base a-text-bold\">Finish type<\/span><\/td>\n<td class=\"a-span9\"><span class=\"a-size-base po-break-word\">Natural<\/span><\/td>\n<\/tr>\n<tr class=\"a-spacing-small po-special_feature\">\n<td class=\"a-span3\"><span class=\"a-size-base a-text-bold\">Special feature<\/span><\/td>\n<td class=\"a-span9\"><span class=\"a-size-base po-break-word\">Water Resistant<\/span><\/td>\n<\/tr>\n<tr class=\"a-spacing-small po-product_benefit\">\n<td class=\"a-span3\"><span class=\"a-size-base a-text-bold\">Product benefits<\/span><\/td>\n<td class=\"a-span9\"><span class=\"a-size-base po-break-word\">Long Lasting, Volumizing<\/span><\/td>\n<\/tr>\n<tr class=\"a-spacing-small po-skin_type\">\n<td class=\"a-span3\"><span class=\"a-size-base a-text-bold\">Skin type<\/span><\/td>\n<td class=\"a-span9\"><span class=\"a-size-base po-break-word\">All<\/span><\/td>\n<\/tr>\n<tr class=\"a-spacing-small po-item_weight\">\n<td class=\"a-span3\"><span class=\"a-size-base a-text-bold\">Item weight<\/span><\/td>\n<td class=\"a-span9\"><span class=\"a-size-base po-break-word\">42.3 Grams<\/span><\/td>\n<\/tr>\n<tr class=\"a-spacing-small po-container.type\">\n<td class=\"a-span3\"><span class=\"a-size-base a-text-bold\">Package information<\/span><\/td>\n<td class=\"a-span9\"><span class=\"a-size-base po-break-word\">Tube<\/span><\/td>\n<\/tr>\n<tr class=\"a-spacing-small po-package_type_name\">\n<td class=\"a-span3\"><span class=\"a-size-base a-text-bold\">Package type<\/span><\/td>\n<td class=\"a-span9\"><span class=\"a-size-base po-break-word\">Bottle<\/span><\/td>\n<\/tr>\n<\/tbody>\n<\/table>\n<a href=\"https:\/\/www.amazon.co.uk\/dp\/B08KTN1VBD?ref=myi_title_dp&#038;th=1\" class=\"button primary is-small hidden\" style=\"border-radius:35px;\">\n\t\t<span>Amazon.co.uk<\/span>\n\t<\/a>\n\n\n<a href=\"https:\/\/www.amazon.ca\/Demure-Eyebrow-Eyelash-Professional-Formula\/dp\/B08KTLBNWF\/ref=sr_1_1?crid=CYBNLI4NMB48&#038;keywords=Demure+Color+Gel+Eyebrow&#038;qid=1680500532&#038;sprefix=demure+12+pairs+of+eye+pads%2Caps%2C1132&#038;sr=8-1\" class=\"button primary is-small\" style=\"border-radius:31px;\">\n\t\t<span>Amazon.ca<\/span>\n\t<\/a>\n\n\n<a href=\"https:\/\/www.ebay.com\/itm\/325131679475?hash=item4bb35bb6f3:g:w~QAAOSwvCpiSvDo&#038;amdata=enc%3AAQAHAAAA4HfafItpr6I9S7udDRQzafDddEFUayejLtwaWtm%2BolrWxirXZHQIguxTKvPpLBZWShThufL18CBZFwW00ZDCNwr%2FSXPSBX6TMnFvBPjx3gmgjVtMC%2FLTwtnZI5u3yP3gswNZf1iiQwraSWGzg%2BREozLC2rtybpqQZ7JHv7hOPL2%2FWap0HRls01GOX4TWMQ8bwVON8hCGz5rFuSlItuN2vyUL3vGw7bSmTclRxUt7OhZk9xnXQyBZHolFrmw%2Fhgj%2FWOVmPVVtk7%2F4NTiu6HiSlGETsgJFNkcS3RPg1OisWf91%7Ctkp%3ABk9SR_yny-HsYQ\" class=\"button primary is-small\" style=\"border-radius:30px;\">\n\t\t<span>EBAY.COM<\/span>\n\t<\/a>\n\n","protected":false},"featured_media":12852,"comment_status":"closed","ping_status":"closed","template":"","meta":[],"product_brand":[],"product_cat":[363],"product_tag":[],"class_list":{"0":"post-11933","1":"product","2":"type-product","3":"status-publish","4":"has-post-thumbnail","6":"product_cat-demure-wimpern-und-augenbrauenfarbe-gel","8":"first","9":"instock","10":"taxable","11":"shipping-taxable","12":"purchasable","13":"product-type-variable"},"jetpack_sharing_enabled":true,"_links":{"self":[{"href":"https:\/\/demure.eu\/de\/wp-json\/wp\/v2\/product\/11933","targetHints":{"allow":["GET"]}}],"collection":[{"href":"https:\/\/demure.eu\/de\/wp-json\/wp\/v2\/product"}],"about":[{"href":"https:\/\/demure.eu\/de\/wp-json\/wp\/v2\/types\/product"}],"replies":[{"embeddable":true,"href":"https:\/\/demure.eu\/de\/wp-json\/wp\/v2\/comments?post=11933"}],"wp:featuredmedia":[{"embeddable":true,"href":"https:\/\/demure.eu\/de\/wp-json\/wp\/v2\/media\/12852"}],"wp:attachment":[{"href":"https:\/\/demure.eu\/de\/wp-json\/wp\/v2\/media?parent=11933"}],"wp:term":[{"taxonomy":"product_brand","embeddable":true,"href":"https:\/\/demure.eu\/de\/wp-json\/wp\/v2\/product_brand?post=11933"},{"taxonomy":"product_cat","embeddable":true,"href":"https:\/\/demure.eu\/de\/wp-json\/wp\/v2\/product_cat?post=11933"},{"taxonomy":"product_tag","embeddable":true,"href":"https:\/\/demure.eu\/de\/wp-json\/wp\/v2\/product_tag?post=11933"}],"curies":[{"name":"wp","href":"https:\/\/api.w.org\/{rel}","templated":true}]}}