{"id":11938,"date":"2023-03-28T04:53:24","date_gmt":"2023-03-28T04:53:24","guid":{"rendered":"https:\/\/demure.eu\/product\/demure-serum\/"},"modified":"2025-11-12T13:23:39","modified_gmt":"2025-11-12T13:23:39","slug":"demure-wimpernserum","status":"publish","type":"product","link":"https:\/\/demure.eu\/de\/demure-wimpernserum\/","title":{"rendered":"Demure Wimpernserum ohne Hormone \u2013 Sicheres und Nat\u00fcrliches Wachstum"},"content":{"rendered":"<h1 style=\"text-align: center;\">Demure Wimpernserum 3ml.<\/h1>\n<p>Erleben Sie das nat\u00fcrliche Wimpernwachstum! Unser Demure Wimpernserum ohne Hormone besteht aus pflanzlichen Wirkstoffen wie Panthenol, Biotin und K\u00fcrbiskernextrakt, die Ihre Wimpern st\u00e4rken, verl\u00e4ngern und sichtbar dichter machen. Demure Wimpernserum eignet sich hervorragend f\u00fcr sensible Augen, wurde von der Dermatologie getestet und kann auch w\u00e4hrend der Schwangerschaft sicher angewendet werden.<br \/>\nDas Serum dringt tief in die Haarfollikel ein, st\u00e4rkt sie und verhindert den Wimpernausfall, indem es eine sanfte, aber effektive Formel einsetzt. Schon nach 4 bis 6 Wochen fortlaufender Anwendung sind sichtbare Resultate zu erwarten. Perfekt geeignet, um Ihre Augenbrauen zu pflegen, damit Sie das lange ersehnte, vollere Aussehen erlangen. Ohne Tierversuche, hormonfrei.<\/p>\n<p><strong>Hauptvorteile Demure Wimpernserum:<\/strong><\/p>\n<ul>\n<li>Hormonfrei und ideal f\u00fcr empfindliche Augen<\/li>\n<li>Nat\u00fcrliche Inhaltsstoffe: Panthenol, Biotin, K\u00fcrbiskernextrakt<\/li>\n<li>Sichere Anwendung w\u00e4hrend der Schwangerschaft<\/li>\n<li>Ohne Tierversuche<\/li>\n<li>Erste Ergebnisse innerhalb von 4-6 Wochen<\/li>\n<li>Auch f\u00fcr Augenbrauen geeignet<\/li>\n<\/ul>\n<p><strong>Anwendung:<\/strong><br \/>\nTragen Sie das Wimpernserum abends nach der gr\u00fcndlichen Reinigung auf die Wurzeln der oberen und unteren Wimpern auf. Es kann auch auf die Augenbrauen aufgetragen werden, um diese dichter und voller zu machen. Achten Sie darauf, \u00fcbersch\u00fcssiges Serum vorsichtig abzutupfen und zu entfernen.<\/p>\n<p><strong>Zus\u00e4tzliche Inhaltsstoffe:<\/strong><br \/>\nHyaluronat, Pentylene Glycol, Peptide, Vitamin E \u2013 diese Wirkstoffe f\u00f6rdern die Gesundheit und das Wachstum der Wimpern, indem sie sie mit Feuchtigkeit und N\u00e4hrstoffen versorgen, gesch\u00e4digte Follikel reparieren und die Haarstruktur st\u00e4rken.<\/p>\n","protected":false},"excerpt":{"rendered":"<table class=\"a-normal a-spacing-micro\">\n<tbody>\n<tr class=\"a-spacing-small po-brand\">\n<td class=\"a-span3\"><span class=\"a-size-base a-text-bold\">Marke<\/span><\/td>\n<td class=\"a-span9\">Demure Wimpernserum<\/td>\n<\/tr>\n<tr class=\"a-spacing-small po-item_form\">\n<td class=\"a-span3\"><span class=\"a-size-base a-text-bold\">Artikelformular<\/span><\/td>\n<td class=\"a-span9\"><span class=\"a-size-base po-break-word\">Serum<\/span><\/td>\n<\/tr>\n<tr class=\"a-spacing-small po-unit_count\">\n<td class=\"a-span3\"><span class=\"a-size-base a-text-bold\">Anzahl der Einheiten<\/span><\/td>\n<td class=\"a-span9\"><span class=\"a-size-base po-break-word\">3.0 milliliter<\/span><\/td>\n<\/tr>\n<\/tbody>\n<\/table>\n<a href=\"https:\/\/www.amazon.de\/dp\/B0B722FBYF\" class=\"button primary\" >\n\t\t<span>weiter kaufen Amazon<\/span>\n\t<\/a>\n\n<a href=\"https:\/\/www.ebay.de\/itm\/225082889369\" class=\"button primary\" >\n\t\t<span>weiter kaufen ebay<\/span>\n\t<\/a>\n\n","protected":false},"featured_media":12603,"comment_status":"closed","ping_status":"closed","template":"","meta":[],"product_brand":[],"product_cat":[371],"product_tag":[],"class_list":{"0":"post-11938","1":"product","2":"type-product","3":"status-publish","4":"has-post-thumbnail","6":"product_cat-serums-de","8":"first","9":"instock","10":"taxable","11":"shipping-taxable","12":"purchasable","13":"product-type-simple"},"jetpack_sharing_enabled":true,"_links":{"self":[{"href":"https:\/\/demure.eu\/de\/wp-json\/wp\/v2\/product\/11938","targetHints":{"allow":["GET"]}}],"collection":[{"href":"https:\/\/demure.eu\/de\/wp-json\/wp\/v2\/product"}],"about":[{"href":"https:\/\/demure.eu\/de\/wp-json\/wp\/v2\/types\/product"}],"replies":[{"embeddable":true,"href":"https:\/\/demure.eu\/de\/wp-json\/wp\/v2\/comments?post=11938"}],"wp:featuredmedia":[{"embeddable":true,"href":"https:\/\/demure.eu\/de\/wp-json\/wp\/v2\/media\/12603"}],"wp:attachment":[{"href":"https:\/\/demure.eu\/de\/wp-json\/wp\/v2\/media?parent=11938"}],"wp:term":[{"taxonomy":"product_brand","embeddable":true,"href":"https:\/\/demure.eu\/de\/wp-json\/wp\/v2\/product_brand?post=11938"},{"taxonomy":"product_cat","embeddable":true,"href":"https:\/\/demure.eu\/de\/wp-json\/wp\/v2\/product_cat?post=11938"},{"taxonomy":"product_tag","embeddable":true,"href":"https:\/\/demure.eu\/de\/wp-json\/wp\/v2\/product_tag?post=11938"}],"curies":[{"name":"wp","href":"https:\/\/api.w.org\/{rel}","templated":true}]}}